{"id":1635,"date":"2025-09-05T13:04:46","date_gmt":"2025-09-05T17:04:46","guid":{"rendered":"https:\/\/megaphonedemo.com\/acosta\/ail-cares\/"},"modified":"2026-02-09T19:29:29","modified_gmt":"2026-02-09T19:29:29","slug":"ail-cares","status":"publish","type":"page","link":"https:\/\/acostainjurylaw.com\/es\/ail-cares\/","title":{"rendered":"AIL Cares"},"content":{"rendered":"\t\t<div data-elementor-type=\"wp-page\" data-elementor-id=\"1635\" class=\"elementor elementor-1635 elementor-1148\" data-elementor-post-type=\"page\">\n\t\t\t\t<div data-particle_enable=\"false\" data-particle-mobile-disabled=\"false\" class=\"elementor-element elementor-element-8dd5cd7 e-flex e-con-boxed e-con e-parent\" data-id=\"8dd5cd7\" data-element_type=\"container\" data-e-type=\"container\" data-settings=\"{&quot;background_background&quot;:&quot;classic&quot;}\">\n\t\t\t\t\t<div class=\"e-con-inner\">\n\t\t<div data-particle_enable=\"false\" data-particle-mobile-disabled=\"false\" class=\"elementor-element elementor-element-649b689 e-con-full e-flex e-con e-child\" data-id=\"649b689\" data-element_type=\"container\" data-e-type=\"container\" data-settings=\"{&quot;motion_fx_motion_fx_scrolling&quot;:&quot;yes&quot;,&quot;motion_fx_translateY_effect&quot;:&quot;yes&quot;,&quot;motion_fx_translateY_affectedRange&quot;:{&quot;unit&quot;:&quot;%&quot;,&quot;size&quot;:&quot;&quot;,&quot;sizes&quot;:{&quot;start&quot;:52,&quot;end&quot;:100}},&quot;motion_fx_translateY_speed&quot;:{&quot;unit&quot;:&quot;px&quot;,&quot;size&quot;:4,&quot;sizes&quot;:[]},&quot;motion_fx_devices&quot;:[&quot;desktop&quot;,&quot;laptop&quot;,&quot;tablet&quot;,&quot;mobile&quot;]}\">\n\t\t\t\t<div class=\"elementor-element elementor-element-dc430d2 elementor-widget elementor-widget-image\" data-id=\"dc430d2\" data-element_type=\"widget\" data-e-type=\"widget\" data-widget_type=\"image.default\">\n\t\t\t\t\t\t\t\t\t\t\t\t\t\t\t<img fetchpriority=\"high\" decoding=\"async\" width=\"800\" height=\"519\" src=\"https:\/\/acostainjurylaw.com\/wp-content\/uploads\/2026\/01\/AIL-Cares-logo-1024x664.jpg\" class=\"attachment-large size-large wp-image-1637\" alt=\"\" srcset=\"https:\/\/acostainjurylaw.com\/wp-content\/uploads\/2026\/01\/AIL-Cares-logo-1024x664.jpg 1024w, https:\/\/acostainjurylaw.com\/wp-content\/uploads\/2026\/01\/AIL-Cares-logo-300x194.jpg 300w, https:\/\/acostainjurylaw.com\/wp-content\/uploads\/2026\/01\/AIL-Cares-logo-768x498.jpg 768w, https:\/\/acostainjurylaw.com\/wp-content\/uploads\/2026\/01\/AIL-Cares-logo.jpg 1080w\" sizes=\"(max-width: 800px) 100vw, 800px\" \/>\t\t\t\t\t\t\t\t\t\t\t\t\t\t\t<\/div>\n\t\t\t\t<div class=\"elementor-element elementor-element-a4bc9a9 elementor-widget-mobile__width-inherit elementor-widget elementor-widget-heading\" data-id=\"a4bc9a9\" data-element_type=\"widget\" data-e-type=\"widget\" data-widget_type=\"heading.default\">\n\t\t\t\t\t<h2 class=\"elementor-heading-title elementor-size-default\">AIL Cares<\/h2>\t\t\t\t<\/div>\n\t\t\t\t<div class=\"elementor-element elementor-element-e724284 elementor-widget elementor-widget-heading\" data-id=\"e724284\" data-element_type=\"widget\" data-e-type=\"widget\" data-widget_type=\"heading.default\">\n\t\t\t\t\t<h2 class=\"elementor-heading-title elementor-size-default\">Una iniciativa ben\u00e9fica de Acosta Injury Law<\/h2>\t\t\t\t<\/div>\n\t\t<div data-particle_enable=\"false\" data-particle-mobile-disabled=\"false\" class=\"elementor-element elementor-element-4113384 e-con-full e-flex e-con e-child\" data-id=\"4113384\" data-element_type=\"container\" data-e-type=\"container\">\n\t\t\t\t<div class=\"elementor-element elementor-element-38adb5f e-transform elementor-widget elementor-widget-button\" data-id=\"38adb5f\" data-element_type=\"widget\" data-e-type=\"widget\" data-settings=\"{&quot;_transform_translateY_effect_hover&quot;:{&quot;unit&quot;:&quot;px&quot;,&quot;size&quot;:-2,&quot;sizes&quot;:[]},&quot;_transform_translateX_effect_hover&quot;:{&quot;unit&quot;:&quot;px&quot;,&quot;size&quot;:&quot;&quot;,&quot;sizes&quot;:[]},&quot;_transform_translateX_effect_hover_laptop&quot;:{&quot;unit&quot;:&quot;px&quot;,&quot;size&quot;:&quot;&quot;,&quot;sizes&quot;:[]},&quot;_transform_translateX_effect_hover_tablet&quot;:{&quot;unit&quot;:&quot;px&quot;,&quot;size&quot;:&quot;&quot;,&quot;sizes&quot;:[]},&quot;_transform_translateX_effect_hover_mobile&quot;:{&quot;unit&quot;:&quot;px&quot;,&quot;size&quot;:&quot;&quot;,&quot;sizes&quot;:[]},&quot;_transform_translateY_effect_hover_laptop&quot;:{&quot;unit&quot;:&quot;px&quot;,&quot;size&quot;:&quot;&quot;,&quot;sizes&quot;:[]},&quot;_transform_translateY_effect_hover_tablet&quot;:{&quot;unit&quot;:&quot;px&quot;,&quot;size&quot;:&quot;&quot;,&quot;sizes&quot;:[]},&quot;_transform_translateY_effect_hover_mobile&quot;:{&quot;unit&quot;:&quot;px&quot;,&quot;size&quot;:&quot;&quot;,&quot;sizes&quot;:[]}}\" data-widget_type=\"button.default\">\n\t\t\t\t\t\t\t\t\t\t<a class=\"elementor-button elementor-button-link elementor-size-sm\" href=\"https:\/\/acostainjurylaw.com\/contact\/\">\n\t\t\t\t\t\t<span class=\"elementor-button-content-wrapper\">\n\t\t\t\t\t\t\t\t\t<span class=\"elementor-button-text\">Consulta gratuita<\/span>\n\t\t\t\t\t<\/span>\n\t\t\t\t\t<\/a>\n\t\t\t\t\t\t\t\t<\/div>\n\t\t\t\t<div class=\"elementor-element elementor-element-12f2d2d e-transform elementor-widget elementor-widget-button\" data-id=\"12f2d2d\" data-element_type=\"widget\" data-e-type=\"widget\" data-settings=\"{&quot;_transform_translateY_effect_hover&quot;:{&quot;unit&quot;:&quot;px&quot;,&quot;size&quot;:-2,&quot;sizes&quot;:[]},&quot;_transform_translateX_effect_hover&quot;:{&quot;unit&quot;:&quot;px&quot;,&quot;size&quot;:&quot;&quot;,&quot;sizes&quot;:[]},&quot;_transform_translateX_effect_hover_laptop&quot;:{&quot;unit&quot;:&quot;px&quot;,&quot;size&quot;:&quot;&quot;,&quot;sizes&quot;:[]},&quot;_transform_translateX_effect_hover_tablet&quot;:{&quot;unit&quot;:&quot;px&quot;,&quot;size&quot;:&quot;&quot;,&quot;sizes&quot;:[]},&quot;_transform_translateX_effect_hover_mobile&quot;:{&quot;unit&quot;:&quot;px&quot;,&quot;size&quot;:&quot;&quot;,&quot;sizes&quot;:[]},&quot;_transform_translateY_effect_hover_laptop&quot;:{&quot;unit&quot;:&quot;px&quot;,&quot;size&quot;:&quot;&quot;,&quot;sizes&quot;:[]},&quot;_transform_translateY_effect_hover_tablet&quot;:{&quot;unit&quot;:&quot;px&quot;,&quot;size&quot;:&quot;&quot;,&quot;sizes&quot;:[]},&quot;_transform_translateY_effect_hover_mobile&quot;:{&quot;unit&quot;:&quot;px&quot;,&quot;size&quot;:&quot;&quot;,&quot;sizes&quot;:[]}}\" data-widget_type=\"button.default\">\n\t\t\t\t\t\t\t\t\t\t<a class=\"elementor-button elementor-button-link elementor-size-sm\" href=\"tel:(404)%20476-4477\">\n\t\t\t\t\t\t<span class=\"elementor-button-content-wrapper\">\n\t\t\t\t\t\t\t\t\t<span class=\"elementor-button-text\">(404) 476-4477<\/span>\n\t\t\t\t\t<\/span>\n\t\t\t\t\t<\/a>\n\t\t\t\t\t\t\t\t<\/div>\n\t\t\t\t<\/div>\n\t\t\t\t<\/div>\n\t\t\t\t<div class=\"elementor-element elementor-element-50ca8af elementor-absolute animated-slow elementor-invisible elementor-widget elementor-widget-image\" data-id=\"50ca8af\" data-element_type=\"widget\" data-e-type=\"widget\" data-settings=\"{&quot;_position&quot;:&quot;absolute&quot;,&quot;_animation&quot;:&quot;bounceInUp&quot;,&quot;_animation_delay&quot;:500}\" data-widget_type=\"image.default\">\n\t\t\t\t\t\t\t\t\t\t\t\t\t\t\t<img decoding=\"async\" width=\"378\" height=\"379\" src=\"https:\/\/acostainjurylaw.com\/wp-content\/uploads\/2025\/08\/Layer-3.png\" class=\"attachment-large size-large wp-image-1613\" alt=\"\" srcset=\"https:\/\/acostainjurylaw.com\/wp-content\/uploads\/2025\/08\/Layer-3.png 378w, https:\/\/acostainjurylaw.com\/wp-content\/uploads\/2025\/08\/Layer-3-300x300.png 300w, https:\/\/acostainjurylaw.com\/wp-content\/uploads\/2025\/08\/Layer-3-150x150.png 150w\" sizes=\"(max-width: 378px) 100vw, 378px\" \/>\t\t\t\t\t\t\t\t\t\t\t\t\t\t\t<\/div>\n\t\t\t\t\t<\/div>\n\t\t\t\t<\/div>\n\t\t<div data-particle_enable=\"false\" data-particle-mobile-disabled=\"false\" class=\"elementor-element elementor-element-db06502 e-flex e-con-boxed e-con e-parent\" data-id=\"db06502\" data-element_type=\"container\" data-e-type=\"container\">\n\t\t\t\t\t<div class=\"e-con-inner\">\n\t\t\t\t<div class=\"elementor-element elementor-element-71ddca3 elementor-widget elementor-widget-text-editor\" data-id=\"71ddca3\" data-element_type=\"widget\" data-e-type=\"widget\" data-widget_type=\"text-editor.default\">\n\t\t\t\t\t\t\t\t\t<p>Ayudamos a nuestra comunidad a prosperar, una familia a la vez.<\/p><p>En Acosta Injury Law, creemos que la justicia va m\u00e1s all\u00e1 de los tribunales. Por eso creamos <b><strong>AIL Cares<\/strong><\/b>, una iniciativa ben\u00e9fica dedicada a servir y apoyar con orgullo y de todo coraz\u00f3n a las personas de nuestras comunidades.<\/p><p>A trav\u00e9s de AIL Cares, trabajamos mano a mano con organizaciones locales para brindar ayuda real donde m\u00e1s se necesita:<\/p><ul><li>Apoyamos programas educativos y de desarrollo para que ni\u00f1os y j\u00f3venes tengan las herramientas que necesitan para crecer y aprender.<\/li><li>Promovemos momentos de uni\u00f3n y esperanza, fortaleciendo a las familias y brindando alegr\u00eda a la comunidad.<\/li><li>Colaboramos con organizaciones locales para impulsar iniciativas que inspiren, empoderen y conecten a las personas.<\/li><\/ul><p>Cada evento es una oportunidad para fortalecer los lazos, sembrar esperanza y demostrar que, juntos, podemos generar un impacto duradero.<\/p>\t\t\t\t\t\t\t\t<\/div>\n\t\t\t\t\t<\/div>\n\t\t\t\t<\/div>\n\t\t\t\t<\/div>\n\t\t","protected":false},"excerpt":{"rendered":"<p>AIL Cares Una iniciativa ben\u00e9fica de Acosta Injury Law Consulta gratuita (404) 476-4477 Ayudamos a nuestra comunidad a prosperar, una familia a la vez. En Acosta Injury Law, creemos que la justicia va m\u00e1s all\u00e1 de los tribunales. Por eso creamos AIL Cares, una iniciativa ben\u00e9fica dedicada a servir y apoyar con orgullo y de [&hellip;]<\/p>\n","protected":false},"author":1,"featured_media":0,"parent":0,"menu_order":0,"comment_status":"closed","ping_status":"closed","template":"","meta":{"_acf_changed":false,"footnotes":""},"class_list":["post-1635","page","type-page","status-publish","hentry"],"acf":[],"yoast_head":"<!-- This site is optimized with the Yoast SEO plugin v27.6 - https:\/\/yoast.com\/product\/yoast-seo-wordpress\/ -->\n<title>AIL Cares - Acosta Injury Law<\/title>\n<meta name=\"robots\" content=\"index, follow, max-snippet:-1, max-image-preview:large, max-video-preview:-1\" \/>\n<link rel=\"canonical\" href=\"https:\/\/acostainjurylaw.com\/es\/ail-cares\/\" \/>\n<meta property=\"og:locale\" content=\"es_ES\" \/>\n<meta property=\"og:type\" content=\"article\" \/>\n<meta property=\"og:title\" content=\"AIL Cares - Acosta Injury Law\" \/>\n<meta property=\"og:description\" content=\"AIL Cares Una iniciativa ben\u00e9fica de Acosta Injury Law Consulta gratuita (404) 476-4477 Ayudamos a nuestra comunidad a prosperar, una familia a la vez. En Acosta Injury Law, creemos que la justicia va m\u00e1s all\u00e1 de los tribunales. Por eso creamos AIL Cares, una iniciativa ben\u00e9fica dedicada a servir y apoyar con orgullo y de [&hellip;]\" \/>\n<meta property=\"og:url\" content=\"https:\/\/acostainjurylaw.com\/es\/ail-cares\/\" \/>\n<meta property=\"og:site_name\" content=\"Acosta Injury Law\" \/>\n<meta property=\"article:publisher\" content=\"https:\/\/www.facebook.com\/acostainjurylaw\/\" \/>\n<meta property=\"article:modified_time\" content=\"2026-02-09T19:29:29+00:00\" \/>\n<meta property=\"og:image\" content=\"https:\/\/acostainjurylaw.com\/wp-content\/uploads\/2026\/01\/AIL-Cares-logo-1024x664.jpg\" \/>\n<meta name=\"twitter:card\" content=\"summary_large_image\" \/>\n<meta name=\"twitter:label1\" content=\"Tiempo de lectura\" \/>\n\t<meta name=\"twitter:data1\" content=\"1 minuto\" \/>\n<script type=\"application\/ld+json\" class=\"yoast-schema-graph\">{\"@context\":\"https:\\\/\\\/schema.org\",\"@graph\":[{\"@type\":\"WebPage\",\"@id\":\"https:\\\/\\\/acostainjurylaw.com\\\/es\\\/ail-cares\\\/\",\"url\":\"https:\\\/\\\/acostainjurylaw.com\\\/es\\\/ail-cares\\\/\",\"name\":\"AIL Cares - Acosta Injury Law\",\"isPartOf\":{\"@id\":\"https:\\\/\\\/megaphonedemo.com\\\/acosta\\\/#website\"},\"primaryImageOfPage\":{\"@id\":\"https:\\\/\\\/acostainjurylaw.com\\\/es\\\/ail-cares\\\/#primaryimage\"},\"image\":{\"@id\":\"https:\\\/\\\/acostainjurylaw.com\\\/es\\\/ail-cares\\\/#primaryimage\"},\"thumbnailUrl\":\"https:\\\/\\\/acostainjurylaw.com\\\/wp-content\\\/uploads\\\/2026\\\/01\\\/AIL-Cares-logo-1024x664.jpg\",\"datePublished\":\"2025-09-05T17:04:46+00:00\",\"dateModified\":\"2026-02-09T19:29:29+00:00\",\"breadcrumb\":{\"@id\":\"https:\\\/\\\/acostainjurylaw.com\\\/es\\\/ail-cares\\\/#breadcrumb\"},\"inLanguage\":\"es\",\"potentialAction\":[{\"@type\":\"ReadAction\",\"target\":[\"https:\\\/\\\/acostainjurylaw.com\\\/es\\\/ail-cares\\\/\"]}]},{\"@type\":\"ImageObject\",\"inLanguage\":\"es\",\"@id\":\"https:\\\/\\\/acostainjurylaw.com\\\/es\\\/ail-cares\\\/#primaryimage\",\"url\":\"https:\\\/\\\/acostainjurylaw.com\\\/wp-content\\\/uploads\\\/2026\\\/01\\\/AIL-Cares-logo-1024x664.jpg\",\"contentUrl\":\"https:\\\/\\\/acostainjurylaw.com\\\/wp-content\\\/uploads\\\/2026\\\/01\\\/AIL-Cares-logo-1024x664.jpg\"},{\"@type\":\"BreadcrumbList\",\"@id\":\"https:\\\/\\\/acostainjurylaw.com\\\/es\\\/ail-cares\\\/#breadcrumb\",\"itemListElement\":[{\"@type\":\"ListItem\",\"position\":1,\"name\":\"Home\",\"item\":\"https:\\\/\\\/acostainjurylaw.com\\\/es\\\/\"},{\"@type\":\"ListItem\",\"position\":2,\"name\":\"AIL Cares\"}]},{\"@type\":\"WebSite\",\"@id\":\"https:\\\/\\\/megaphonedemo.com\\\/acosta\\\/#website\",\"url\":\"https:\\\/\\\/megaphonedemo.com\\\/acosta\\\/\",\"name\":\"Acosta Injury Law\",\"description\":\"\",\"publisher\":{\"@id\":\"https:\\\/\\\/megaphonedemo.com\\\/acosta\\\/#organization\"},\"potentialAction\":[{\"@type\":\"SearchAction\",\"target\":{\"@type\":\"EntryPoint\",\"urlTemplate\":\"https:\\\/\\\/megaphonedemo.com\\\/acosta\\\/?s={search_term_string}\"},\"query-input\":{\"@type\":\"PropertyValueSpecification\",\"valueRequired\":true,\"valueName\":\"search_term_string\"}}],\"inLanguage\":\"es\"},{\"@type\":\"Organization\",\"@id\":\"https:\\\/\\\/megaphonedemo.com\\\/acosta\\\/#organization\",\"name\":\"Acosta Injury Law\",\"url\":\"https:\\\/\\\/megaphonedemo.com\\\/acosta\\\/\",\"logo\":{\"@type\":\"ImageObject\",\"inLanguage\":\"es\",\"@id\":\"https:\\\/\\\/megaphonedemo.com\\\/acosta\\\/#\\\/schema\\\/logo\\\/image\\\/\",\"url\":\"https:\\\/\\\/acostainjurylaw.com\\\/wp-content\\\/uploads\\\/2025\\\/08\\\/acosta-tan.png\",\"contentUrl\":\"https:\\\/\\\/acostainjurylaw.com\\\/wp-content\\\/uploads\\\/2025\\\/08\\\/acosta-tan.png\",\"width\":1418,\"height\":411,\"caption\":\"Acosta Injury Law\"},\"image\":{\"@id\":\"https:\\\/\\\/megaphonedemo.com\\\/acosta\\\/#\\\/schema\\\/logo\\\/image\\\/\"},\"sameAs\":[\"https:\\\/\\\/www.facebook.com\\\/acostainjurylaw\\\/\",\"https:\\\/\\\/www.instagram.com\\\/acostainjurylaw\\\/reels\\\/?hl=en\",\"https:\\\/\\\/www.tiktok.com\\\/@acostainjurylaw\"]}]}<\/script>\n<!-- \/ Yoast SEO plugin. -->","yoast_head_json":{"title":"AIL Cares - Acosta Injury Law","robots":{"index":"index","follow":"follow","max-snippet":"max-snippet:-1","max-image-preview":"max-image-preview:large","max-video-preview":"max-video-preview:-1"},"canonical":"https:\/\/acostainjurylaw.com\/es\/ail-cares\/","og_locale":"es_ES","og_type":"article","og_title":"AIL Cares - Acosta Injury Law","og_description":"AIL Cares Una iniciativa ben\u00e9fica de Acosta Injury Law Consulta gratuita (404) 476-4477 Ayudamos a nuestra comunidad a prosperar, una familia a la vez. En Acosta Injury Law, creemos que la justicia va m\u00e1s all\u00e1 de los tribunales. Por eso creamos AIL Cares, una iniciativa ben\u00e9fica dedicada a servir y apoyar con orgullo y de [&hellip;]","og_url":"https:\/\/acostainjurylaw.com\/es\/ail-cares\/","og_site_name":"Acosta Injury Law","article_publisher":"https:\/\/www.facebook.com\/acostainjurylaw\/","article_modified_time":"2026-02-09T19:29:29+00:00","og_image":[{"url":"https:\/\/acostainjurylaw.com\/wp-content\/uploads\/2026\/01\/AIL-Cares-logo-1024x664.jpg","type":"","width":"","height":""}],"twitter_card":"summary_large_image","twitter_misc":{"Tiempo de lectura":"1 minuto"},"schema":{"@context":"https:\/\/schema.org","@graph":[{"@type":"WebPage","@id":"https:\/\/acostainjurylaw.com\/es\/ail-cares\/","url":"https:\/\/acostainjurylaw.com\/es\/ail-cares\/","name":"AIL Cares - Acosta Injury Law","isPartOf":{"@id":"https:\/\/megaphonedemo.com\/acosta\/#website"},"primaryImageOfPage":{"@id":"https:\/\/acostainjurylaw.com\/es\/ail-cares\/#primaryimage"},"image":{"@id":"https:\/\/acostainjurylaw.com\/es\/ail-cares\/#primaryimage"},"thumbnailUrl":"https:\/\/acostainjurylaw.com\/wp-content\/uploads\/2026\/01\/AIL-Cares-logo-1024x664.jpg","datePublished":"2025-09-05T17:04:46+00:00","dateModified":"2026-02-09T19:29:29+00:00","breadcrumb":{"@id":"https:\/\/acostainjurylaw.com\/es\/ail-cares\/#breadcrumb"},"inLanguage":"es","potentialAction":[{"@type":"ReadAction","target":["https:\/\/acostainjurylaw.com\/es\/ail-cares\/"]}]},{"@type":"ImageObject","inLanguage":"es","@id":"https:\/\/acostainjurylaw.com\/es\/ail-cares\/#primaryimage","url":"https:\/\/acostainjurylaw.com\/wp-content\/uploads\/2026\/01\/AIL-Cares-logo-1024x664.jpg","contentUrl":"https:\/\/acostainjurylaw.com\/wp-content\/uploads\/2026\/01\/AIL-Cares-logo-1024x664.jpg"},{"@type":"BreadcrumbList","@id":"https:\/\/acostainjurylaw.com\/es\/ail-cares\/#breadcrumb","itemListElement":[{"@type":"ListItem","position":1,"name":"Home","item":"https:\/\/acostainjurylaw.com\/es\/"},{"@type":"ListItem","position":2,"name":"AIL Cares"}]},{"@type":"WebSite","@id":"https:\/\/megaphonedemo.com\/acosta\/#website","url":"https:\/\/megaphonedemo.com\/acosta\/","name":"Acosta Injury Law","description":"","publisher":{"@id":"https:\/\/megaphonedemo.com\/acosta\/#organization"},"potentialAction":[{"@type":"SearchAction","target":{"@type":"EntryPoint","urlTemplate":"https:\/\/megaphonedemo.com\/acosta\/?s={search_term_string}"},"query-input":{"@type":"PropertyValueSpecification","valueRequired":true,"valueName":"search_term_string"}}],"inLanguage":"es"},{"@type":"Organization","@id":"https:\/\/megaphonedemo.com\/acosta\/#organization","name":"Acosta Injury Law","url":"https:\/\/megaphonedemo.com\/acosta\/","logo":{"@type":"ImageObject","inLanguage":"es","@id":"https:\/\/megaphonedemo.com\/acosta\/#\/schema\/logo\/image\/","url":"https:\/\/acostainjurylaw.com\/wp-content\/uploads\/2025\/08\/acosta-tan.png","contentUrl":"https:\/\/acostainjurylaw.com\/wp-content\/uploads\/2025\/08\/acosta-tan.png","width":1418,"height":411,"caption":"Acosta Injury Law"},"image":{"@id":"https:\/\/megaphonedemo.com\/acosta\/#\/schema\/logo\/image\/"},"sameAs":["https:\/\/www.facebook.com\/acostainjurylaw\/","https:\/\/www.instagram.com\/acostainjurylaw\/reels\/?hl=en","https:\/\/www.tiktok.com\/@acostainjurylaw"]}]}},"_links":{"self":[{"href":"https:\/\/acostainjurylaw.com\/es\/wp-json\/wp\/v2\/pages\/1635","targetHints":{"allow":["GET"]}}],"collection":[{"href":"https:\/\/acostainjurylaw.com\/es\/wp-json\/wp\/v2\/pages"}],"about":[{"href":"https:\/\/acostainjurylaw.com\/es\/wp-json\/wp\/v2\/types\/page"}],"author":[{"embeddable":true,"href":"https:\/\/acostainjurylaw.com\/es\/wp-json\/wp\/v2\/users\/1"}],"replies":[{"embeddable":true,"href":"https:\/\/acostainjurylaw.com\/es\/wp-json\/wp\/v2\/comments?post=1635"}],"version-history":[{"count":0,"href":"https:\/\/acostainjurylaw.com\/es\/wp-json\/wp\/v2\/pages\/1635\/revisions"}],"wp:attachment":[{"href":"https:\/\/acostainjurylaw.com\/es\/wp-json\/wp\/v2\/media?parent=1635"}],"curies":[{"name":"wp","href":"https:\/\/api.w.org\/{rel}","templated":true}]}}